{"id":283,"date":"2019-06-18T00:23:05","date_gmt":"2019-06-18T00:23:05","guid":{"rendered":"http:\/\/proudome.com\/?page_id=283"},"modified":"2019-07-04T21:44:35","modified_gmt":"2019-07-04T21:44:35","slug":"consultoria","status":"publish","type":"page","link":"https:\/\/proudome.com\/?page_id=283","title":{"rendered":"Consultor\u00eda"},"content":{"rendered":"<p>[et_pb_section fb_built=\u00bb1&#8243; admin_label=\u00bbLanding Hero\u00bb _builder_version=\u00bb3.23.3&#8243; use_background_color_gradient=\u00bbon\u00bb background_color_gradient_start=\u00bb#098976&#8243; background_color_gradient_end=\u00bb#e02b20&#8243; background_color_gradient_start_position=\u00bb14%\u00bb background_image=\u00bbhttp:\/\/proudome.com\/wp-content\/uploads\/2019\/06\/startup-593304_1280.jpg\u00bb background_blend=\u00bboverlay\u00bb custom_padding=\u00bb100px|0px|263px|0px||\u00bb animation_style=\u00bbslide\u00bb animation_direction=\u00bbtop\u00bb animation_intensity_slide=\u00bb2%\u00bb locked=\u00bboff\u00bb][et_pb_row custom_padding=\u00bb121px|||||\u00bb custom_margin=\u00bb|||\u00bb _builder_version=\u00bb3.25&#8243; custom_width_px=\u00bb1280px\u00bb][et_pb_column type=\u00bb4_4&#8243; _builder_version=\u00bb3.25&#8243; custom_padding=\u00bb|||\u00bb custom_padding__hover=\u00bb|||\u00bb][et_pb_text _builder_version=\u00bb3.23.3&#8243; text_font=\u00bb||||||||\u00bb header_font=\u00bbOswald|700||on|||||\u00bb header_text_color=\u00bb#ffffff\u00bb header_font_size=\u00bb60px\u00bb min_height=\u00bb36px\u00bb custom_margin=\u00bb||-8px|||\u00bb text_font_last_edited=\u00bbon|phone\u00bb header_font_last_edited=\u00bbon|phone\u00bb header_font_size_phone=\u00bb50px\u00bb header_font_size_last_edited=\u00bbon|phone\u00bb]<\/p>\n<h1 style=\"text-align: center;\">Consultor\u00eda<\/h1>\n<p>&nbsp;<\/p>\n<p>[\/et_pb_text][\/et_pb_column][\/et_pb_row][\/et_pb_section][et_pb_section fb_built=\u00bb1&#8243; _builder_version=\u00bb3.23.3&#8243; background_color=\u00bb#ffffff\u00bb][et_pb_row use_custom_gutter=\u00bbon\u00bb custom_margin=\u00bb|218px||auto||\u00bb make_equal=\u00bbon\u00bb _builder_version=\u00bb3.25&#8243; module_alignment=\u00bbcenter\u00bb][et_pb_column type=\u00bb4_4&#8243; _builder_version=\u00bb3.25&#8243; custom_padding=\u00bb|||\u00bb custom_padding__hover=\u00bb|||\u00bb][et_pb_text _builder_version=\u00bb3.23.3&#8243; header_font=\u00bbOswald|700||on|||||\u00bb header_text_color=\u00bbrgba(0,0,0,0.71)\u00bb header_font_size=\u00bb60px\u00bb min_height=\u00bb36px\u00bb custom_margin=\u00bb||-8px|||\u00bb]<\/p>\n<h1 style=\"text-align: center;\">Agregamos valor a su negocio<\/h1>\n<p>&nbsp;<\/p>\n<p>[\/et_pb_text][et_pb_divider color=\u00bb#26d2b3&#8243; divider_weight=\u00bb7px\u00bb disabled_on=\u00bbon|on|off\u00bb _builder_version=\u00bb3.23.3&#8243; background_size=\u00bbinitial\u00bb background_position=\u00bbtop_left\u00bb background_repeat=\u00bbrepeat\u00bb max_width=\u00bb100px\u00bb module_alignment=\u00bbcenter\u00bb animation_style=\u00bbzoom\u00bb animation_direction=\u00bbleft\u00bb saved_tabs=\u00bball\u00bb locked=\u00bboff\u00bb][\/et_pb_divider][et_pb_text _builder_version=\u00bb3.23.3&#8243; text_font=\u00bbMontserrat||||||||\u00bb text_text_color=\u00bbrgba(0,0,0,0.52)\u00bb text_font_size=\u00bb16px\u00bb text_line_height=\u00bb1.9em\u00bb header_font=\u00bb||||||||\u00bb header_4_font=\u00bb|700|||||||\u00bb header_4_font_size=\u00bb16px\u00bb header_4_line_height=\u00bb1.9em\u00bb animation_style=\u00bbzoom\u00bb animation_intensity_zoom=\u00bb6%\u00bb locked=\u00bboff\u00bb]<\/p>\n<p style=\"text-align: center;\">Lo apoyamos en la planificaci\u00f3n estrat\u00e9gica de su \u00e1rea de TI, y a lo largo de todo el ciclo de vida de la transformaci\u00f3n tecnol\u00f3gica de su empresa, implementando la tecnolog\u00eda apropiada y agregando valor al negocio.<\/p>\n<p style=\"text-align: center;\">[\/et_pb_text][\/et_pb_column][\/et_pb_row][et_pb_row use_custom_gutter=\u00bbon\u00bb make_equal=\u00bbon\u00bb _builder_version=\u00bb3.25&#8243; module_alignment=\u00bbcenter\u00bb][et_pb_column type=\u00bb4_4&#8243; _builder_version=\u00bb3.25&#8243; background_color=\u00bb#26d2b3&#8243; custom_padding=\u00bb|||\u00bb custom_padding__hover=\u00bb|||\u00bb][et_pb_text _builder_version=\u00bb3.23.3&#8243; text_font=\u00bbMontserrat|||on|||||\u00bb text_text_color=\u00bb#ffffff\u00bb text_font_size=\u00bb16px\u00bb text_line_height=\u00bb1.9em\u00bb header_font=\u00bbOswald||||||||\u00bb header_2_font=\u00bbOswald||||||||\u00bb header_2_text_color=\u00bb#ffffff\u00bb header_2_font_size=\u00bb30px\u00bb header_2_letter_spacing=\u00bb1px\u00bb header_2_line_height=\u00bb1.5em\u00bb header_4_font=\u00bb|700|||||||\u00bb header_4_font_size=\u00bb16px\u00bb header_4_line_height=\u00bb1.9em\u00bb text_orientation=\u00bbcenter\u00bb width=\u00bb84%\u00bb module_alignment=\u00bbcenter\u00bb animation_style=\u00bbzoom\u00bb animation_intensity_zoom=\u00bb6%\u00bb locked=\u00bboff\u00bb]<\/p>\n<h2 style=\"text-align: center;\">DISE\u00f1AMOS E INSTALAMOS, IMPLEMENTAMOS, BRINDAMOS SOPORTE Y OPTIMIZAMOS LAS SIGUIENTES TECNOLOG\u00edAS:<\/h2>\n<p>[\/et_pb_text][\/et_pb_column][\/et_pb_row][et_pb_row column_structure=\u00bb1_3,1_3,1_3&#8243; use_custom_gutter=\u00bbon\u00bb make_equal=\u00bbon\u00bb _builder_version=\u00bb3.25&#8243; module_alignment=\u00bbcenter\u00bb][et_pb_column type=\u00bb1_3&#8243; _builder_version=\u00bb3.25&#8243; background_color=\u00bb#ffffff\u00bb custom_padding=\u00bb|||\u00bb custom_padding__hover=\u00bb|||\u00bb][et_pb_blurb title=\u00bbSistemas operativos  y plataformas de virtualizaci\u00f3n<br \/>\n\u00bb use_icon=\u00bbon\u00bb font_icon=\u00bb%%107%%\u00bb use_circle=\u00bbon\u00bb circle_color=\u00bb#26d2b3&#8243; use_icon_font_size=\u00bbon\u00bb icon_font_size=\u00bb29px\u00bb _builder_version=\u00bb3.25.3&#8243; header_font=\u00bbMontserrat|700|||||||\u00bb header_text_align=\u00bbcenter\u00bb header_text_color=\u00bbrgba(46,37,69,0.77)\u00bb header_line_height=\u00bb1.5em\u00bb body_font=\u00bbMontserrat||||||||\u00bb body_text_align=\u00bbcenter\u00bb body_text_color=\u00bbrgba(0,0,0,0.49)\u00bb box_shadow_style=\u00bbpreset2&#8243; box_shadow_color=\u00bbrgba(38,210,179,0.32)\u00bb text_orientation=\u00bbcenter\u00bb custom_margin=\u00bb|15px|0px|15px\u00bb custom_padding=\u00bb20px|15px|20px|15px\u00bb animation_style=\u00bbzoom\u00bb animation_direction=\u00bbleft\u00bb animation_intensity_zoom=\u00bb10%\u00bb locked=\u00bboff\u00bb inline_fonts=\u00bbOswald\u00bb]<\/p>\n<p style=\"text-align: center;\">Sistemas operativos abiertos, entre ellos AIX y UNIX.<br \/> Plataformas de virtualizaci\u00f3n basadas en hypervisores y basados en sistemas operativos.<\/p>\n<h3><a href=\"http:\/\/proudome.com\/?page_id=2\"><span style=\"text-decoration: underline; color: #e02b20;\"><span style=\"font-family: Oswald; font-weight: normal;\">Consultar<\/span><\/span><\/a><\/h3>\n<p style=\"text-align: center;\">\n[\/et_pb_blurb][\/et_pb_column][et_pb_column type=\u00bb1_3&#8243; _builder_version=\u00bb3.25&#8243; background_color=\u00bb#ffffff\u00bb custom_padding=\u00bb|||\u00bb custom_padding__hover=\u00bb|||\u00bb][et_pb_blurb title=\u00bbConectividad\u00bb use_icon=\u00bbon\u00bb font_icon=\u00bb%%365%%\u00bb use_circle=\u00bbon\u00bb circle_color=\u00bb#26d2b3&#8243; use_icon_font_size=\u00bbon\u00bb icon_font_size=\u00bb29px\u00bb _builder_version=\u00bb3.25.3&#8243; header_font=\u00bb|700|||||||\u00bb header_text_align=\u00bbcenter\u00bb header_text_color=\u00bbrgba(46,37,69,0.77)\u00bb header_line_height=\u00bb1.5em\u00bb body_font=\u00bbMontserrat||||||||\u00bb body_text_align=\u00bbcenter\u00bb body_text_color=\u00bbrgba(0,0,0,0.49)\u00bb box_shadow_style=\u00bbpreset2&#8243; box_shadow_color=\u00bbrgba(38,210,179,0.28)\u00bb custom_margin=\u00bb|15px|0px|15px\u00bb custom_padding=\u00bb20px||20px|\u00bb animation_style=\u00bbzoom\u00bb animation_direction=\u00bbleft\u00bb animation_intensity_zoom=\u00bb10%\u00bb link_option_url=\u00bbhttp:\/\/proudome.com\/?page_id=2&#8243; locked=\u00bboff\u00bb inline_fonts=\u00bbOswald\u00bb]<\/p>\n<p style=\"text-align: center;\">Redes<\/p>\n<p style=\"text-align: center;\">SAN<br \/> LAN<br \/> WAN<\/p>\n<h3><span style=\"text-decoration: underline;\"><span style=\"font-family: Oswald; font-weight: normal; color: #e02b20; text-decoration: underline;\"><\/span><\/span><\/h3>\n<h3><span style=\"text-decoration: underline;\"><span style=\"font-family: Oswald; font-weight: normal; color: #e02b20; text-decoration: underline;\"><\/span><\/span><\/h3>\n<h3><span style=\"text-decoration: underline;\"><span style=\"font-family: Oswald; font-weight: normal; color: #e02b20; text-decoration: underline;\"><\/span><\/span><\/h3>\n<h3><a href=\"http:\/\/proudome.com\/contacto\/\"><span style=\"text-decoration: underline;\"><span style=\"font-family: Oswald; font-weight: normal; color: #e02b20; text-decoration: underline;\">Consultar<\/span><\/span><\/a><\/h3>\n<p>[\/et_pb_blurb][\/et_pb_column][et_pb_column type=\u00bb1_3&#8243; _builder_version=\u00bb3.25&#8243; background_color=\u00bb#ffffff\u00bb custom_padding=\u00bb|||\u00bb custom_padding__hover=\u00bb|||\u00bb][et_pb_blurb title=\u00bbSistemas de almacenamiento<br \/>\n\u00bb use_icon=\u00bbon\u00bb font_icon=\u00bb%%256%%\u00bb use_circle=\u00bbon\u00bb circle_color=\u00bb#26d2b3&#8243; use_icon_font_size=\u00bbon\u00bb icon_font_size=\u00bb29px\u00bb _builder_version=\u00bb3.25.3&#8243; header_font=\u00bb|700|||||||\u00bb header_text_align=\u00bbcenter\u00bb header_text_color=\u00bbrgba(46,37,69,0.77)\u00bb header_line_height=\u00bb1.5em\u00bb body_font=\u00bbMontserrat||||||||\u00bb body_text_align=\u00bbcenter\u00bb body_text_color=\u00bbrgba(0,0,0,0.49)\u00bb box_shadow_style=\u00bbpreset2&#8243; box_shadow_color=\u00bbrgba(38,210,179,0.29)\u00bb custom_margin=\u00bb|15px|0px|15px\u00bb custom_padding=\u00bb20px|15px|20px|15px\u00bb animation_style=\u00bbzoom\u00bb animation_direction=\u00bbleft\u00bb animation_intensity_zoom=\u00bb10%\u00bb locked=\u00bboff\u00bb inline_fonts=\u00bbOswald\u00bb]<\/p>\n<p class=\"font_8\" style=\"text-align: center;\">High End<br \/> Mid Range<br \/> Entry Level<br \/> NAS<br \/> Fibre Channel<br \/> iSCSI<\/p>\n<h3 class=\"font_8\" style=\"text-align: center;\"><a href=\"http:\/\/proudome.com\/?page_id=2\"><span style=\"text-decoration: underline; color: #e02b20;\"><span style=\"font-family: Oswald; font-weight: normal;\">Consultar<\/span><\/span><\/a><\/h3>\n<p>[\/et_pb_blurb][\/et_pb_column][\/et_pb_row][et_pb_row column_structure=\u00bb1_3,1_3,1_3&#8243; use_custom_gutter=\u00bbon\u00bb make_equal=\u00bbon\u00bb _builder_version=\u00bb3.25.3&#8243; module_alignment=\u00bbcenter\u00bb][et_pb_column type=\u00bb1_3&#8243; _builder_version=\u00bb3.25&#8243; background_color=\u00bb#ffffff\u00bb custom_padding=\u00bb|||\u00bb custom_padding__hover=\u00bb|||\u00bb][et_pb_blurb title=\u00bbProtecci\u00f3n de datos<br \/>\n\u00bb use_icon=\u00bbon\u00bb font_icon=\u00bb%%93%%\u00bb use_circle=\u00bbon\u00bb circle_color=\u00bb#26d2b3&#8243; use_icon_font_size=\u00bbon\u00bb icon_font_size=\u00bb29px\u00bb _builder_version=\u00bb3.25.3&#8243; header_font=\u00bbMontserrat|700|||||||\u00bb header_text_align=\u00bbcenter\u00bb header_text_color=\u00bbrgba(46,37,69,0.77)\u00bb header_line_height=\u00bb1.5em\u00bb body_font=\u00bbMontserrat||||||||\u00bb body_text_align=\u00bbcenter\u00bb body_text_color=\u00bbrgba(0,0,0,0.49)\u00bb box_shadow_style=\u00bbpreset2&#8243; box_shadow_color=\u00bbrgba(38,210,179,0.32)\u00bb text_orientation=\u00bbcenter\u00bb custom_margin=\u00bb|15px|0px|15px\u00bb custom_padding=\u00bb20px|15px|20px|15px\u00bb animation_style=\u00bbzoom\u00bb animation_direction=\u00bbleft\u00bb animation_intensity_zoom=\u00bb10%\u00bb locked=\u00bboff\u00bb inline_fonts=\u00bbOswald\u00bb]<\/p>\n<p>Software centralizado de respaldos<\/p>\n<p>Replicaci\u00f3n de datos<\/p>\n<p>Snapshots<\/p>\n<p>Clones<\/p>\n<h3><a href=\"http:\/\/proudome.com\/?page_id=2\" title=\"Consultar\"><span style=\"text-decoration: underline; color: #e02b20;\"><span style=\"font-family: Oswald; font-weight: normal;\">Consultar<\/span><\/span><\/a><\/h3>\n<p style=\"text-align: center;\">\n[\/et_pb_blurb][\/et_pb_column][et_pb_column type=\u00bb1_3&#8243; _builder_version=\u00bb3.25&#8243; background_color=\u00bb#ffffff\u00bb custom_padding=\u00bb|||\u00bb custom_padding__hover=\u00bb|||\u00bb][et_pb_blurb title=\u00bbAlta disponibilidad<br \/>\n\u00bb use_icon=\u00bbon\u00bb font_icon=\u00bb%%231%%\u00bb use_circle=\u00bbon\u00bb circle_color=\u00bb#26d2b3&#8243; use_icon_font_size=\u00bbon\u00bb icon_font_size=\u00bb29px\u00bb _builder_version=\u00bb3.25.3&#8243; header_font=\u00bb|700|||||||\u00bb header_text_align=\u00bbcenter\u00bb header_text_color=\u00bbrgba(46,37,69,0.77)\u00bb header_line_height=\u00bb1.5em\u00bb body_font=\u00bbMontserrat||||||||\u00bb body_text_align=\u00bbcenter\u00bb body_text_color=\u00bbrgba(0,0,0,0.49)\u00bb box_shadow_style=\u00bbpreset2&#8243; box_shadow_color=\u00bbrgba(38,210,179,0.29)\u00bb custom_margin=\u00bb|15px|0px|15px\u00bb custom_padding=\u00bb20px|15px|20px|15px\u00bb animation_style=\u00bbzoom\u00bb animation_direction=\u00bbleft\u00bb animation_intensity_zoom=\u00bb10%\u00bb locked=\u00bboff\u00bb inline_fonts=\u00bbOswald\u00bb]<\/p>\n<p>Software de Cluster<\/p>\n<p>Multi-site clusters<\/p>\n<p>Clusters replicados<\/p>\n<p>&nbsp;<\/p>\n<h3 class=\"font_8\" style=\"text-align: center;\"><a href=\"http:\/\/proudome.com\/?page_id=2\"><span style=\"text-decoration: underline; color: #e02b20;\"><span style=\"font-family: Oswald; font-weight: normal;\">Consultar<\/span><\/span><\/a><\/h3>\n<p>[\/et_pb_blurb][\/et_pb_column][et_pb_column type=\u00bb1_3&#8243; _builder_version=\u00bb3.25&#8243; background_color=\u00bb#ffffff\u00bb custom_padding=\u00bb|||\u00bb custom_padding__hover=\u00bb|||\u00bb][et_pb_blurb title=\u00bbBases de datos\u00bb use_icon=\u00bbon\u00bb font_icon=\u00bb%%212%%\u00bb use_circle=\u00bbon\u00bb circle_color=\u00bb#26d2b3&#8243; use_icon_font_size=\u00bbon\u00bb icon_font_size=\u00bb29px\u00bb _builder_version=\u00bb3.25.3&#8243; header_font=\u00bb|700|||||||\u00bb header_text_align=\u00bbcenter\u00bb header_text_color=\u00bbrgba(46,37,69,0.77)\u00bb header_line_height=\u00bb1.5em\u00bb body_font=\u00bbMontserrat||||||||\u00bb body_text_align=\u00bbcenter\u00bb body_text_color=\u00bbrgba(0,0,0,0.49)\u00bb box_shadow_style=\u00bbpreset2&#8243; box_shadow_color=\u00bbrgba(38,210,179,0.28)\u00bb custom_margin=\u00bb|15px|0px|15px\u00bb custom_padding=\u00bb20px||20px|\u00bb animation_style=\u00bbzoom\u00bb animation_direction=\u00bbleft\u00bb animation_intensity_zoom=\u00bb10%\u00bb locked=\u00bboff\u00bb inline_fonts=\u00bbOswald\u00bb]<\/p>\n<p>Instalaci\u00f3n<\/p>\n<p>Administraci\u00f3n<\/p>\n<p>Performance y optimizaci\u00f3n<\/p>\n<h3><span style=\"text-decoration: underline;\"><span style=\"font-family: Oswald; font-weight: normal; color: #e02b20; text-decoration: underline;\"><\/span><\/span><\/h3>\n<h3><span style=\"text-decoration: underline;\"><span style=\"font-family: Oswald; font-weight: normal; color: #e02b20; text-decoration: underline;\"><\/span><\/span><\/h3>\n<h3><span style=\"text-decoration: underline;\"><span style=\"font-family: Oswald; font-weight: normal; color: #e02b20; text-decoration: underline;\"><\/span><\/span><\/h3>\n<h3><a href=\"http:\/\/proudome.com\/?page_id=2\"><span style=\"text-decoration: underline;\"><span style=\"font-family: Oswald; font-weight: normal; color: #e02b20; text-decoration: underline;\">Consultar<\/span><\/span><\/a><\/h3>\n<p>[\/et_pb_blurb][\/et_pb_column][\/et_pb_row][\/et_pb_section][et_pb_section fb_built=\u00bb1&#8243; _builder_version=\u00bb3.23.3&#8243; use_background_color_gradient=\u00bbon\u00bb background_color_gradient_start=\u00bb#e02b20&#8243; background_color_gradient_end=\u00bb#26d2b3&#8243; custom_padding=\u00bb||0px|||\u00bb][et_pb_row column_structure=\u00bb1_2,1_2&#8243; _builder_version=\u00bb3.25&#8243;][et_pb_column type=\u00bb1_2&#8243; _builder_version=\u00bb3.25&#8243; custom_padding=\u00bb|||\u00bb custom_padding__hover=\u00bb|||\u00bb][et_pb_text _builder_version=\u00bb3.22.7&#8243; header_font=\u00bb||||||||\u00bb header_2_font=\u00bbOswald|||on|||||\u00bb header_2_text_align=\u00bbleft\u00bb header_2_text_color=\u00bb#FFFFFF\u00bb header_2_font_size=\u00bb32px\u00bb]<\/p>\n<h2>Contact\u00e1nos<\/h2>\n<p>[\/et_pb_text][et_pb_blurb title=\u00bb+59899396180&#8243; use_icon=\u00bbon\u00bb font_icon=\u00bb%%104%%\u00bb icon_color=\u00bb#FFFFFF\u00bb icon_placement=\u00bbleft\u00bb _builder_version=\u00bb3.22.7&#8243; header_font=\u00bb|700|||||||\u00bb header_text_color=\u00bb#FFFFFF\u00bb header_font_size=\u00bb16px\u00bb header_line_height=\u00bb1.5em\u00bb body_font=\u00bbMontserrat||||||||\u00bb body_text_color=\u00bbrgba(0,0,0,0.49)\u00bb body_line_height=\u00bb1.9em\u00bb background_layout=\u00bbdark\u00bb custom_margin=\u00bb||0px|\u00bb custom_padding=\u00bb20px||20px|\u00bb animation_style=\u00bbzoom\u00bb animation_direction=\u00bbleft\u00bb animation_intensity_zoom=\u00bb10%\u00bb locked=\u00bboff\u00bb][\/et_pb_blurb][et_pb_blurb title=\u00bbinfo@proudome.com\u00bb use_icon=\u00bbon\u00bb font_icon=\u00bb%%109%%\u00bb icon_color=\u00bb#FFFFFF\u00bb icon_placement=\u00bbleft\u00bb _builder_version=\u00bb3.25.2&#8243; header_font=\u00bb|700|||||||\u00bb header_text_color=\u00bb#FFFFFF\u00bb header_font_size=\u00bb16px\u00bb header_line_height=\u00bb1.5em\u00bb body_font=\u00bbMontserrat||||||||\u00bb body_text_color=\u00bbrgba(0,0,0,0.49)\u00bb body_line_height=\u00bb1.9em\u00bb background_layout=\u00bbdark\u00bb custom_margin=\u00bb||0px|\u00bb custom_padding=\u00bb20px||20px|\u00bb animation_style=\u00bbzoom\u00bb animation_direction=\u00bbleft\u00bb animation_intensity_zoom=\u00bb10%\u00bb locked=\u00bboff\u00bb][\/et_pb_blurb][et_pb_blurb title=\u00bbMar Cantabrico M129 S15, 15008 El Pinar, Canelones, Uruguay\u00bb use_icon=\u00bbon\u00bb font_icon=\u00bb%%102%%\u00bb icon_color=\u00bb#FFFFFF\u00bb icon_placement=\u00bbleft\u00bb _builder_version=\u00bb3.25.2&#8243; header_font=\u00bb|700|||||||\u00bb header_text_color=\u00bb#FFFFFF\u00bb header_font_size=\u00bb16px\u00bb header_line_height=\u00bb1.5em\u00bb body_font=\u00bbMontserrat||||||||\u00bb body_text_color=\u00bbrgba(0,0,0,0.49)\u00bb body_line_height=\u00bb1.9em\u00bb background_layout=\u00bbdark\u00bb custom_margin=\u00bb||0px|\u00bb custom_padding=\u00bb20px||20px|\u00bb animation_style=\u00bbzoom\u00bb animation_direction=\u00bbleft\u00bb animation_intensity_zoom=\u00bb10%\u00bb locked=\u00bboff\u00bb][\/et_pb_blurb][\/et_pb_column][et_pb_column type=\u00bb1_2&#8243; _builder_version=\u00bb3.25&#8243; custom_padding=\u00bb|||\u00bb custom_padding__hover=\u00bb|||\u00bb][et_pb_text _builder_version=\u00bb3.22.7&#8243; header_font=\u00bb||||||||\u00bb header_2_font=\u00bbOswald|||on|||||\u00bb header_2_text_align=\u00bbleft\u00bb header_2_text_color=\u00bb#FFFFFF\u00bb header_2_font_size=\u00bb32px\u00bb]<\/p>\n<h2>Envi\u00e1nos tu consulta<\/h2>\n<p>[\/et_pb_text][et_pb_contact_form email=\u00bbinfo@proudome.com\u00bb success_message=\u00bbGracias por dejarnos su consulta. En breve  nos estaremos contactando con usted.\u00bb _builder_version=\u00bb3.25.2&#8243; form_field_background_color=\u00bb#ffffff\u00bb form_field_font=\u00bbMontserrat|500|||||||\u00bb form_field_font_size=\u00bb13px\u00bb custom_button=\u00bbon\u00bb button_text_size=\u00bb20px\u00bb button_text_color=\u00bb#26d2b3&#8243; button_bg_color=\u00bb#ffffff\u00bb button_border_width=\u00bb0px\u00bb button_border_radius=\u00bb0px\u00bb button_font=\u00bbOswald|500||on|||||\u00bb form_background_color=\u00bb#ffffff\u00bb][et_pb_contact_field field_id=\u00bbName\u00bb field_title=\u00bbNombre\u00bb _builder_version=\u00bb3.16&#8243; border_radii=\u00bbon||||\u00bb button_text_size__hover_enabled=\u00bboff\u00bb button_one_text_size__hover_enabled=\u00bboff\u00bb button_two_text_size__hover_enabled=\u00bboff\u00bb button_text_color__hover_enabled=\u00bboff\u00bb button_one_text_color__hover_enabled=\u00bboff\u00bb button_two_text_color__hover_enabled=\u00bboff\u00bb button_border_width__hover_enabled=\u00bboff\u00bb button_one_border_width__hover_enabled=\u00bboff\u00bb button_two_border_width__hover_enabled=\u00bboff\u00bb button_border_color__hover_enabled=\u00bboff\u00bb button_one_border_color__hover_enabled=\u00bboff\u00bb button_two_border_color__hover_enabled=\u00bboff\u00bb button_border_radius__hover_enabled=\u00bboff\u00bb button_one_border_radius__hover_enabled=\u00bboff\u00bb button_two_border_radius__hover_enabled=\u00bboff\u00bb button_letter_spacing__hover_enabled=\u00bboff\u00bb button_one_letter_spacing__hover_enabled=\u00bboff\u00bb button_two_letter_spacing__hover_enabled=\u00bboff\u00bb button_bg_color__hover_enabled=\u00bboff\u00bb button_one_bg_color__hover_enabled=\u00bboff\u00bb button_two_bg_color__hover_enabled=\u00bboff\u00bb][\/et_pb_contact_field][et_pb_contact_field field_id=\u00bbEmail\u00bb field_title=\u00bbDirecci\u00f3n de correo electr\u00f3nico\u00bb field_type=\u00bbemail\u00bb _builder_version=\u00bb3.16&#8243; border_radii=\u00bbon||||\u00bb button_text_size__hover_enabled=\u00bboff\u00bb button_one_text_size__hover_enabled=\u00bboff\u00bb button_two_text_size__hover_enabled=\u00bboff\u00bb button_text_color__hover_enabled=\u00bboff\u00bb button_one_text_color__hover_enabled=\u00bboff\u00bb button_two_text_color__hover_enabled=\u00bboff\u00bb button_border_width__hover_enabled=\u00bboff\u00bb button_one_border_width__hover_enabled=\u00bboff\u00bb button_two_border_width__hover_enabled=\u00bboff\u00bb button_border_color__hover_enabled=\u00bboff\u00bb button_one_border_color__hover_enabled=\u00bboff\u00bb button_two_border_color__hover_enabled=\u00bboff\u00bb button_border_radius__hover_enabled=\u00bboff\u00bb button_one_border_radius__hover_enabled=\u00bboff\u00bb button_two_border_radius__hover_enabled=\u00bboff\u00bb button_letter_spacing__hover_enabled=\u00bboff\u00bb button_one_letter_spacing__hover_enabled=\u00bboff\u00bb button_two_letter_spacing__hover_enabled=\u00bboff\u00bb button_bg_color__hover_enabled=\u00bboff\u00bb button_one_bg_color__hover_enabled=\u00bboff\u00bb button_two_bg_color__hover_enabled=\u00bboff\u00bb][\/et_pb_contact_field][et_pb_contact_field field_id=\u00bbMessage\u00bb field_title=\u00bbMensaje\u00bb field_type=\u00bbtext\u00bb fullwidth_field=\u00bbon\u00bb _builder_version=\u00bb3.16&#8243; border_radii=\u00bbon||||\u00bb button_text_size__hover_enabled=\u00bboff\u00bb button_one_text_size__hover_enabled=\u00bboff\u00bb button_two_text_size__hover_enabled=\u00bboff\u00bb button_text_color__hover_enabled=\u00bboff\u00bb button_one_text_color__hover_enabled=\u00bboff\u00bb button_two_text_color__hover_enabled=\u00bboff\u00bb button_border_width__hover_enabled=\u00bboff\u00bb button_one_border_width__hover_enabled=\u00bboff\u00bb button_two_border_width__hover_enabled=\u00bboff\u00bb button_border_color__hover_enabled=\u00bboff\u00bb button_one_border_color__hover_enabled=\u00bboff\u00bb button_two_border_color__hover_enabled=\u00bboff\u00bb button_border_radius__hover_enabled=\u00bboff\u00bb button_one_border_radius__hover_enabled=\u00bboff\u00bb button_two_border_radius__hover_enabled=\u00bboff\u00bb button_letter_spacing__hover_enabled=\u00bboff\u00bb button_one_letter_spacing__hover_enabled=\u00bboff\u00bb button_two_letter_spacing__hover_enabled=\u00bboff\u00bb button_bg_color__hover_enabled=\u00bboff\u00bb button_one_bg_color__hover_enabled=\u00bboff\u00bb button_two_bg_color__hover_enabled=\u00bboff\u00bb][\/et_pb_contact_field][\/et_pb_contact_form][\/et_pb_column][\/et_pb_row][\/et_pb_section]<\/p>\n","protected":false},"excerpt":{"rendered":"<p>Consultor\u00eda &nbsp;Agregamos valor a su negocio &nbsp;Lo apoyamos en la planificaci\u00f3n estrat\u00e9gica de su \u00e1rea de TI, y a lo largo de todo el ciclo de vida de la transformaci\u00f3n tecnol\u00f3gica de su empresa, implementando la tecnolog\u00eda apropiada y agregando valor al negocio. DISE\u00f1AMOS E INSTALAMOS, IMPLEMENTAMOS, BRINDAMOS SOPORTE Y OPTIMIZAMOS LAS SIGUIENTES TECNOLOG\u00edAS:Sistemas operativos [&hellip;]<\/p>\n","protected":false},"author":1,"featured_media":0,"parent":0,"menu_order":0,"comment_status":"closed","ping_status":"closed","template":"","meta":{"_et_pb_use_builder":"on","_et_pb_old_content":"","_et_gb_content_width":"","footnotes":""},"class_list":["post-283","page","type-page","status-publish","hentry"],"_links":{"self":[{"href":"https:\/\/proudome.com\/index.php?rest_route=\/wp\/v2\/pages\/283","targetHints":{"allow":["GET"]}}],"collection":[{"href":"https:\/\/proudome.com\/index.php?rest_route=\/wp\/v2\/pages"}],"about":[{"href":"https:\/\/proudome.com\/index.php?rest_route=\/wp\/v2\/types\/page"}],"author":[{"embeddable":true,"href":"https:\/\/proudome.com\/index.php?rest_route=\/wp\/v2\/users\/1"}],"replies":[{"embeddable":true,"href":"https:\/\/proudome.com\/index.php?rest_route=%2Fwp%2Fv2%2Fcomments&post=283"}],"version-history":[{"count":21,"href":"https:\/\/proudome.com\/index.php?rest_route=\/wp\/v2\/pages\/283\/revisions"}],"predecessor-version":[{"id":407,"href":"https:\/\/proudome.com\/index.php?rest_route=\/wp\/v2\/pages\/283\/revisions\/407"}],"wp:attachment":[{"href":"https:\/\/proudome.com\/index.php?rest_route=%2Fwp%2Fv2%2Fmedia&parent=283"}],"curies":[{"name":"wp","href":"https:\/\/api.w.org\/{rel}","templated":true}]}}